{"id":216,"date":"2021-07-19T20:20:12","date_gmt":"2021-07-19T20:20:12","guid":{"rendered":"https:\/\/www.casaelzorzal.com\/fr\/?page_id=216"},"modified":"2021-12-06T09:39:53","modified_gmt":"2021-12-06T09:39:53","slug":"legal","status":"publish","type":"page","link":"https:\/\/www.casaelzorzal.com\/fr\/legal","title":{"rendered":"Avis Legal"},"content":{"rendered":"","protected":false},"excerpt":{"rendered":"","protected":false},"author":5,"featured_media":0,"parent":0,"menu_order":0,"comment_status":"closed","ping_status":"closed","template":"","meta":{"footnotes":""},"class_list":["post-216","page","type-page","status-publish","hentry"],"yoast_head":"<!-- This site is optimized with the Yoast SEO plugin v26.2 - https:\/\/yoast.com\/wordpress\/plugins\/seo\/ -->\n<title>Avis Legal - Casa el Zorzal (Fran\u00e7ais)<\/title>\n<meta name=\"description\" content=\"Add a description about your page or projects. Should be around 135 to 160 characters.\" \/>\n<meta name=\"robots\" content=\"index, follow, max-snippet:-1, max-image-preview:large, max-video-preview:-1\" \/>\n<link rel=\"canonical\" href=\"https:\/\/www.casaelzorzal.com\/fr\/legal\" \/>\n<meta property=\"og:locale\" content=\"fr_FR\" \/>\n<meta property=\"og:type\" content=\"article\" \/>\n<meta property=\"og:title\" content=\"Aviso Legal\" \/>\n<meta property=\"og:description\" content=\"Add a description for facebook\" \/>\n<meta property=\"og:url\" content=\"https:\/\/www.casaelzorzal.com\/fr\/legal\" \/>\n<meta property=\"og:site_name\" content=\"Casa el Zorzal (Fran\u00e7ais)\" \/>\n<meta property=\"article:modified_time\" content=\"2021-12-06T09:39:53+00:00\" \/>\n<meta name=\"twitter:card\" content=\"summary_large_image\" \/>\n<meta name=\"twitter:title\" content=\"Aviso Legal\" \/>\n<meta name=\"twitter:description\" content=\"Add a description for twitter\" \/>\n<script type=\"application\/ld+json\" class=\"yoast-schema-graph\">{\"@context\":\"https:\/\/schema.org\",\"@graph\":[{\"@type\":\"WebPage\",\"@id\":\"https:\/\/www.casaelzorzal.com\/fr\/legal\",\"url\":\"https:\/\/www.casaelzorzal.com\/fr\/legal\",\"name\":\"Avis Legal - Casa el Zorzal (Fran\u00e7ais)\",\"isPartOf\":{\"@id\":\"https:\/\/www.casaelzorzal.com\/fr\/#website\"},\"datePublished\":\"2021-07-19T20:20:12+00:00\",\"dateModified\":\"2021-12-06T09:39:53+00:00\",\"description\":\"Add a description about your page or projects. Should be around 135 to 160 characters.\",\"breadcrumb\":{\"@id\":\"https:\/\/www.casaelzorzal.com\/fr\/legal#breadcrumb\"},\"inLanguage\":\"fr-FR\",\"potentialAction\":[{\"@type\":\"ReadAction\",\"target\":[\"https:\/\/www.casaelzorzal.com\/fr\/legal\"]}]},{\"@type\":\"BreadcrumbList\",\"@id\":\"https:\/\/www.casaelzorzal.com\/fr\/legal#breadcrumb\",\"itemListElement\":[{\"@type\":\"ListItem\",\"position\":1,\"name\":\"Portada\",\"item\":\"https:\/\/www.casaelzorzal.com\/fr\/\"},{\"@type\":\"ListItem\",\"position\":2,\"name\":\"Avis Legal\"}]},{\"@type\":\"WebSite\",\"@id\":\"https:\/\/www.casaelzorzal.com\/fr\/#website\",\"url\":\"https:\/\/www.casaelzorzal.com\/fr\/\",\"name\":\"Casa el Zorzal (Fran\u00e7ais)\",\"description\":\"G\u00eete rural \u00e0 Trujillo, Extremadure, Espagne\",\"potentialAction\":[{\"@type\":\"SearchAction\",\"target\":{\"@type\":\"EntryPoint\",\"urlTemplate\":\"https:\/\/www.casaelzorzal.com\/fr\/?s={search_term_string}\"},\"query-input\":{\"@type\":\"PropertyValueSpecification\",\"valueRequired\":true,\"valueName\":\"search_term_string\"}}],\"inLanguage\":\"fr-FR\"}]}<\/script>\n<!-- \/ Yoast SEO plugin. -->","yoast_head_json":{"title":"Avis Legal - Casa el Zorzal (Fran\u00e7ais)","description":"Add a description about your page or projects. Should be around 135 to 160 characters.","robots":{"index":"index","follow":"follow","max-snippet":"max-snippet:-1","max-image-preview":"max-image-preview:large","max-video-preview":"max-video-preview:-1"},"canonical":"https:\/\/www.casaelzorzal.com\/fr\/legal","og_locale":"fr_FR","og_type":"article","og_title":"Aviso Legal","og_description":"Add a description for facebook","og_url":"https:\/\/www.casaelzorzal.com\/fr\/legal","og_site_name":"Casa el Zorzal (Fran\u00e7ais)","article_modified_time":"2021-12-06T09:39:53+00:00","twitter_card":"summary_large_image","twitter_title":"Aviso Legal","twitter_description":"Add a description for twitter","schema":{"@context":"https:\/\/schema.org","@graph":[{"@type":"WebPage","@id":"https:\/\/www.casaelzorzal.com\/fr\/legal","url":"https:\/\/www.casaelzorzal.com\/fr\/legal","name":"Avis Legal - Casa el Zorzal (Fran\u00e7ais)","isPartOf":{"@id":"https:\/\/www.casaelzorzal.com\/fr\/#website"},"datePublished":"2021-07-19T20:20:12+00:00","dateModified":"2021-12-06T09:39:53+00:00","description":"Add a description about your page or projects. Should be around 135 to 160 characters.","breadcrumb":{"@id":"https:\/\/www.casaelzorzal.com\/fr\/legal#breadcrumb"},"inLanguage":"fr-FR","potentialAction":[{"@type":"ReadAction","target":["https:\/\/www.casaelzorzal.com\/fr\/legal"]}]},{"@type":"BreadcrumbList","@id":"https:\/\/www.casaelzorzal.com\/fr\/legal#breadcrumb","itemListElement":[{"@type":"ListItem","position":1,"name":"Portada","item":"https:\/\/www.casaelzorzal.com\/fr\/"},{"@type":"ListItem","position":2,"name":"Avis Legal"}]},{"@type":"WebSite","@id":"https:\/\/www.casaelzorzal.com\/fr\/#website","url":"https:\/\/www.casaelzorzal.com\/fr\/","name":"Casa el Zorzal (Fran\u00e7ais)","description":"G\u00eete rural \u00e0 Trujillo, Extremadure, Espagne","potentialAction":[{"@type":"SearchAction","target":{"@type":"EntryPoint","urlTemplate":"https:\/\/www.casaelzorzal.com\/fr\/?s={search_term_string}"},"query-input":{"@type":"PropertyValueSpecification","valueRequired":true,"valueName":"search_term_string"}}],"inLanguage":"fr-FR"}]}},"_links":{"self":[{"href":"https:\/\/www.casaelzorzal.com\/fr\/wp-json\/wp\/v2\/pages\/216","targetHints":{"allow":["GET"]}}],"collection":[{"href":"https:\/\/www.casaelzorzal.com\/fr\/wp-json\/wp\/v2\/pages"}],"about":[{"href":"https:\/\/www.casaelzorzal.com\/fr\/wp-json\/wp\/v2\/types\/page"}],"author":[{"embeddable":true,"href":"https:\/\/www.casaelzorzal.com\/fr\/wp-json\/wp\/v2\/users\/5"}],"replies":[{"embeddable":true,"href":"https:\/\/www.casaelzorzal.com\/fr\/wp-json\/wp\/v2\/comments?post=216"}],"version-history":[{"count":4,"href":"https:\/\/www.casaelzorzal.com\/fr\/wp-json\/wp\/v2\/pages\/216\/revisions"}],"predecessor-version":[{"id":265,"href":"https:\/\/www.casaelzorzal.com\/fr\/wp-json\/wp\/v2\/pages\/216\/revisions\/265"}],"wp:attachment":[{"href":"https:\/\/www.casaelzorzal.com\/fr\/wp-json\/wp\/v2\/media?parent=216"}],"curies":[{"name":"wp","href":"https:\/\/api.w.org\/{rel}","templated":true}]}}